{"id":3653,"date":"2021-01-20T15:10:56","date_gmt":"2021-01-20T14:10:56","guid":{"rendered":"http:\/\/www.francescadiclemente.it\/wn\/?page_id=3653"},"modified":"2021-01-20T15:21:45","modified_gmt":"2021-01-20T14:21:45","slug":"informativa-sulla-privacy","status":"publish","type":"page","link":"https:\/\/www.francescadiclemente.it\/wn\/informativa-sulla-privacy\/","title":{"rendered":"Informativa sulla privacy"},"content":{"rendered":"<p>[vc_row css=&#8221;.vc_custom_1532197290482{padding-top: 35px !important;}&#8221;][vc_column css=&#8221;.vc_custom_1512407858131{padding-top: 12px !important;padding-bottom: 24px !important;}&#8221;][vc_row_inner][vc_column_inner]<div class=\"mh-heading-wrapper--left \">\r\n\t\r\n        <div class=\"mh-heading-wrapper\">\r\n            <h2            class=\"mh-heading  mh-heading--bottom-separator   \"\r\n            style=\"font-weight:700;\">\r\n\t\t\tNOTE LEGALI        <\/h2>\r\n\r\n\t\t    <\/div>\r\n\r\n\t<\/div>[vc_column_text el_class=&#8221;mh-font-size-m&#8221;]<\/p>\n<div class=\"fusion-text fusion-text-1 caption\">\n<p class=\"p1\"><span class=\"s2\"><b>1. Titolare del trattamento<\/b><br \/>\n<b>FD Studio di Francesca di Clemente<\/b> \u2013Piazzale Antonio Baiamonti, 4 \u2013 20154 MILANO (Italia) \u2013 Titolare del trattamento, garantisce il rispetto della disciplina in materia di protezione dei dati personali e, pertanto, fornisce le seguenti informazioni circa il trattamento dei dati comunicati o comunque raccolti nel corso della navigazione sul presente Sito.<\/span><\/p>\n<\/div>\n<div class=\"fusion-text fusion-text-2\">\n<p class=\"p1\"><span class=\"s2\"><b>2. Dati trattati e finalit\u00e0 del trattamento<\/b><br \/>\nDati di navigazione<br \/>\nI sistemi informatici e le procedure software preposte al funzionamento di questo sito acquisiscono, nel corso del loro normale esercizio, alcuni dati personali la cui trasmissione \u00e8 implicita nell\u2019uso dei protocolli di comunicazione di Internet.<br \/>\nQuesti dati (quali ad esempio nomi di dominio, indirizzi IP e tipi di browser) non sono accompagnati da alcuna informazione personale aggiuntiva e vengono utilizzati per: i) ricavare informazioni statistiche anonime sull\u2019uso del sito; ii) esigenze di controllo delle modalit\u00e0 di utilizzo dello stesso, iii) l\u2019accertamento di responsabilit\u00e0 in caso di ipotetici reati informatici.<\/span><\/p>\n<p class=\"p1\"><span class=\"s2\"><b>Dati forniti volontariamente dall\u2019utente<\/b><br \/>\nI dati personali richiesti tramite form sono raccolti e trattati per le seguenti finalit\u00e0:<br \/>\nper lo svolgimento delle attivit\u00e0 di relazione con il cliente in base agli accordi contrattuali. Nel caso di utilizzo in prova dei servizi WordPress i dati di recapito, a completamento del servizio di prova, potranno essere utilizzati per verificare direttamente l\u2019esperienza di utilizzo della piattaforma;<br \/>\nper finalit\u00e0 amministrative e per l\u2019adempimento di obblighi di legge quali ad esempio quelli di natura contabile, fiscale, o per dar corso a richieste dell\u2019autorit\u00e0 giudiziaria;<br \/>\nin presenza di specifico consenso, per l\u2019invio periodico, tramite e-mail, di newsletter e materiale pubblicitario;<br \/>\nin presenza di specifico consenso, per ricevere aggiornamenti sulle nostre attivit\u00e0 e segnalazioni sulla pubblicazione di post del nostro blog;<br \/>\nin presenza di specifico consenso, per ricevere comunicazioni promozionali ed inviti ad eventi, corsi di formazione, webinar, promozioni speciali o a partecipare a analisi e ricerche di mercato;<br \/>\nnel caso di invio di curriculum vitae, esclusivamente per finalit\u00e0 di selezione.<br \/>\nDati raccolti tramite la Piattaforma\u00a0Wordpress<br \/>\nPer completa informazione precisiamo che nell\u2019invio delle comunicazioni, FD Studio\u00a0 si avvale della propria Piattaforma Trustmailer, che, attraverso sistemi di tracciamento statistico (ad esempio web beacons), consente di rilevare l\u2019apertura di un messaggio, i click effettuati sui collegamenti ipertestuali contenuti all\u2019interno dell\u2019email, da quale indirizzo IP o con quale tipo di browser viene aperta l\u2019email, e altri dettagli simili. La raccolta di tali dati \u00e8 funzionale all\u2019utilizzo della piattaforma e costituisce parte integrante delle funzionalit\u00e0 del sistema di invio dei messaggi.<\/span><\/p>\n<p class=\"p1\"><span class=\"s2\"><b>3. Natura del conferimento<\/b><br \/>\nA parte quanto specificato per i dati di navigazione e per i dati raccolti tramite la Piattaforma WordPress, il conferimento dei dati:<br \/>\nrispetto alle finalit\u00e0 di cui alle lettere a), b) ed f) \u00e8 facoltativo ma l\u2019eventuale rifiuto comporter\u00e0 l\u2019impossibilit\u00e0 per FD Studio di dar corso agli impegni contrattuali assunti.<br \/>\nRispetto alle finalit\u00e0 di cui alla lettera c), d) ed e) \u00e8 anche esso facoltativo e il loro utilizzo \u00e8 condizionato al rilascio di un esplicito consenso. L\u2019eventuale rifiuto comporter\u00e0 l\u2019impossibilit\u00e0 per FD Studio\u00a0 di inviare newsletter e materiale pubblicitario o inviti a eventi e iniziative di<br \/>\nFD Studio <\/span><\/p>\n<p class=\"p1\"><span class=\"s2\"><b>4. Modalit\u00e0 di trattamento<\/b><br \/>\nI dati raccolti saranno trattati mediante strumenti elettronici o comunque automatizzati, informatici e telematici, o mediante elaborazioni manuali con logiche strettamente correlate alle finalit\u00e0 per le quali i dati personali sono stati raccolti e, comunque, in modo da garantire in ogni caso la sicurezza dei medesimi.<\/span><\/p>\n<p class=\"p1\"><span class=\"s2\"><b>5. Incaricati, responsabili e comunicazione dei dati<\/b><br \/>\nIl trattamento dei dati raccolti \u00e8 effettuato da personale interno di FD Studio a tal fine nominato incaricato del trattamento.<\/span><\/p>\n<p class=\"p1\"><span class=\"s2\">I dati raccolti, qualora sia necessario o strumentale per l\u2019esecuzione delle indicate finalit\u00e0, potranno essere trattati da terzi nominati Responsabili esterni del trattamento, ovvero, a seconda dei casi, comunicati agli stessi quali autonomi titolari, e precisamente:<br \/>\nsociet\u00e0 facenti parte del nostro gruppo societario per le finalit\u00e0 di cui al punto 1 lett. a), b) e f);<br \/>\npersone, societ\u00e0, associazioni o studi professionali che prestino attivit\u00e0 di assistenza e consulenza alla nostra Societ\u00e0, per le finalit\u00e0 di cui al punto 1 lett. b) e f);<br \/>\nsociet\u00e0, enti, associazioni che svolgono servizi connessi e strumentali alla esecuzione delle finalit\u00e0 sopra indicate (servizio di analisi e ricerche di mercato, gestione pagamenti tramite carta di credito, manutenzione dei sistemi informatici).<br \/>\nI dati raccolti potranno altres\u00ec essere trasferiti all\u2019estero, presso societ\u00e0 facenti e non facenti parte del nostro gruppo societario, anche al di fuori dell\u2019Unione Europea nelle forme e nei modi previsti alla vigente normativa garantendo in ogni caso un adeguato livello di protezione.<\/span><\/p>\n<p class=\"p1\"><span class=\"s2\">In ogni caso, i dati personali non saranno mai diffusi.<\/span><\/p>\n<p class=\"p1\"><span class=\"s2\"><b>6. Diritti dell\u2019interessato<\/b><br \/>\nIn ogni momento \u00e8 possibile opporsi al trattamento o chiedere la cancellazione, la modifica o l\u2019aggiornamento di tutte le informazioni personali in nostro possesso, inviando un\u2019e-mail all\u2019indirizz: <a href=\"mailto:info@francescadiclemente.it\">info@francescadiclemente.it<\/a> <\/span><\/p>\n<\/div>\n<p>&nbsp;<\/p>\n<p>&nbsp;[\/vc_column_text][\/vc_column_inner][\/vc_row_inner][\/vc_column][\/vc_row]<\/p>\n","protected":false},"excerpt":{"rendered":"<p>[vc_row css=&#8221;.vc_custom_1532197290482{padding-top: 35px !important;}&#8221;][vc_column css=&#8221;.vc_custom_1512407858131{padding-top: 12px !important;padding-bottom: 24px !important;}&#8221;][vc_row_inner][vc_column_inner][vc_column_text el_class=&#8221;mh-font-size-m&#8221;] 1. Titolare del trattamento FD Studio di Francesca di Clemente \u2013Piazzale Antonio Baiamonti, 4 \u2013 20154 MILANO (Italia) \u2013 Titolare del trattamento, garantisce il rispetto della disciplina in materia di protezione dei dati personali e, pertanto, fornisce le seguenti informazioni circa il trattamento dei dati [&hellip;]<\/p>\n","protected":false},"author":1,"featured_media":0,"parent":0,"menu_order":0,"comment_status":"closed","ping_status":"closed","template":"","meta":{"footnotes":""},"class_list":["post-3653","page","type-page","status-publish","hentry"],"_links":{"self":[{"href":"https:\/\/www.francescadiclemente.it\/wn\/wp-json\/wp\/v2\/pages\/3653","targetHints":{"allow":["GET"]}}],"collection":[{"href":"https:\/\/www.francescadiclemente.it\/wn\/wp-json\/wp\/v2\/pages"}],"about":[{"href":"https:\/\/www.francescadiclemente.it\/wn\/wp-json\/wp\/v2\/types\/page"}],"author":[{"embeddable":true,"href":"https:\/\/www.francescadiclemente.it\/wn\/wp-json\/wp\/v2\/users\/1"}],"replies":[{"embeddable":true,"href":"https:\/\/www.francescadiclemente.it\/wn\/wp-json\/wp\/v2\/comments?post=3653"}],"version-history":[{"count":2,"href":"https:\/\/www.francescadiclemente.it\/wn\/wp-json\/wp\/v2\/pages\/3653\/revisions"}],"predecessor-version":[{"id":3655,"href":"https:\/\/www.francescadiclemente.it\/wn\/wp-json\/wp\/v2\/pages\/3653\/revisions\/3655"}],"wp:attachment":[{"href":"https:\/\/www.francescadiclemente.it\/wn\/wp-json\/wp\/v2\/media?parent=3653"}],"curies":[{"name":"wp","href":"https:\/\/api.w.org\/{rel}","templated":true}]}}